{"id":3886,"date":"2015-02-02T01:29:59","date_gmt":"2015-02-01T17:29:59","guid":{"rendered":"http:\/\/www.rd-themes.com\/TheFox\/?page_id=3886"},"modified":"2023-04-04T17:49:03","modified_gmt":"2023-04-04T15:49:03","slug":"qui-sommes-nous","status":"publish","type":"page","link":"https:\/\/www.finindev-consulting.com\/index.php\/qui-sommes-nous\/","title":{"rendered":"Qui sommes-nous"},"content":{"rendered":"<section class=\"wpb-content-wrapper\"><p>[vc_row type=\u00a0\u00bbfull-width-section\u00a0\u00bb css=\u00a0\u00bb.vc_custom_1679324841240{margin-bottom: -20px !important;padding-top: 80px !important;padding-bottom: 40px !important;background-color: #64c682 !important;background-position: center !important;background-repeat: no-repeat !important;background-size: cover !important;}\u00a0\u00bb font_color=\u00a0\u00bb#ffffff\u00a0\u00bb parallax_background=\u00a0\u00bb\u00a0\u00bb][vc_column width=\u00a0\u00bb1\/2&Prime;][vc_single_image image=\u00a0\u00bb8103&Prime; img_size=\u00a0\u00bb750&#215;820&Prime;][\/vc_column][vc_column width=\u00a0\u00bb1\/2&Prime; css=\u00a0\u00bb.vc_custom_1422812233567{padding-bottom: 50px !important;}\u00a0\u00bb][vc_custom_heading text=\u00a0\u00bbQui sommes-nous ?\u00a0\u00bb font_container=\u00a0\u00bbtag:h2|font_size:48|text_align:center|color:%23ffffff|line_height:56px\u00a0\u00bb google_fonts=\u00a0\u00bbfont_family:Raleway%3A100%2C200%2C300%2Cregular%2C500%2C600%2C700%2C800%2C900|font_style:400%20regular%3A400%3Anormal\u00a0\u00bb css=\u00a0\u00bb.vc_custom_1679673355591{margin-bottom: 20px !important;}\u00a0\u00bb][vc_custom_heading text=\u00a0\u00bbFININDEV Consulting est un cabinet d\u2019expertise financi\u00e8re sp\u00e9cialis\u00e9 dans le conseil aux institutionnels. Nous accompagnons depuis 1986 des associations, fondations, ordres professionnels et caisses professionnelles dans la gestion de leurs portefeuilles de placements et leur environnement financier global, pour un encours total sous conseil de plus de 2 milliards d&rsquo;euros.\u00a0\u00bb font_container=\u00a0\u00bbtag:h4|font_size:18|text_align:justify|color:%23ffffff|line_height:30px\u00a0\u00bb google_fonts=\u00a0\u00bbfont_family:Lato%3A100%2C100italic%2C300%2C300italic%2Cregular%2Citalic%2C700%2C700italic%2C900%2C900italic|font_style:400%20regular%3A400%3Anormal\u00a0\u00bb el_class=\u00a0\u00bbletterspacing-1&Prime; css=\u00a0\u00bb.vc_custom_1680623348144{margin-bottom: 30px !important;}\u00a0\u00bb]<style type=\"text\/css\" >#l_6y1ismott75lo1f5k3fx{width:100px;}#l_6y1ismott75lo1f5k3fx.sc_line ,#l_6y1ismott75lo1f5k3fx .sc_line {border-top:3px solid #ffffff;}#l_6y1ismott75lo1f5k3fx.sc_line ,#l_6y1ismott75lo1f5k3fx .sc_line{margin-left:auto!important; margin-right:auto!important;}#l_6y1ismott75lo1f5k3fx {margin:0px 0 0px 0; padding:0;}<\/style><div class=\"clearfix\"><\/div><div id=\"l_6y1ismott75lo1f5k3fx\"  class=\"sc_line rd_line_bold\" ><\/div>[vc_custom_heading text=\u00a0\u00bb\u00ab L\u2019alliance entre le savoir-faire et la technologie \u00bb\u00a0\u00bb font_container=\u00a0\u00bbtag:h4|font_size:30|text_align:center|color:%23ffffff|line_height:30px\u00a0\u00bb google_fonts=\u00a0\u00bbfont_family:Raleway%3A100%2C200%2C300%2Cregular%2C500%2C600%2C700%2C800%2C900|font_style:300%20light%20regular%3A300%3Anormal\u00a0\u00bb el_class=\u00a0\u00bbletterspacing-1&Prime; css=\u00a0\u00bb.vc_custom_1679592584763{margin-top: 20px !important;margin-bottom: 20px !important;}\u00a0\u00bb]<style type=\"text\/css\" >#l_angimwyig7uwckr21828{width:100px;}#l_angimwyig7uwckr21828.sc_line ,#l_angimwyig7uwckr21828 .sc_line {border-top:3px solid #ffffff;}#l_angimwyig7uwckr21828.sc_line ,#l_angimwyig7uwckr21828 .sc_line{margin-left:auto!important; margin-right:auto!important;}#l_angimwyig7uwckr21828 {margin:0px 0 0px 0; padding:0;}<\/style><div class=\"clearfix\"><\/div><div id=\"l_angimwyig7uwckr21828\"  class=\"sc_line rd_line_bold\" ><\/div>[vc_empty_space height=\u00a0\u00bb10px\u00a0\u00bb][vc_custom_heading text=\u00a0\u00bbLa combinaison de nos comp\u00e9tences m\u00e9tier et de notre ing\u00e9nierie informatique a permis la cr\u00e9ation d\u2019un logiciel sp\u00e9cifique de gestion des placements financiers. V\u00e9ritable outil de suivi et de d\u00e9cision, il permet de g\u00e9rer vos placements, valider vos d\u00e9cisions, calculer et fiabiliser vos donn\u00e9es financi\u00e8res.\u00a0\u00bb font_container=\u00a0\u00bbtag:h4|font_size:18|text_align:justify|color:%23ffffff|line_height:30px\u00a0\u00bb google_fonts=\u00a0\u00bbfont_family:Lato%3A100%2C100italic%2C300%2C300italic%2Cregular%2Citalic%2C700%2C700italic%2C900%2C900italic|font_style:400%20regular%3A400%3Anormal\u00a0\u00bb el_class=\u00a0\u00bbletterspacing-1&Prime; css=\u00a0\u00bb.vc_custom_1680017119040{margin-top: 10px !important;}\u00a0\u00bb][\/vc_column][\/vc_row][vc_row css=\u00a0\u00bb.vc_custom_1422891257866{margin-bottom: 0px !important;padding-top: 94px !important;padding-bottom: 100px !important;}\u00a0\u00bb parallax_background=\u00a0\u00bb\u00a0\u00bb][vc_column][vc_custom_heading text=\u00a0\u00bbNotre <strong>Histoire<\/strong>\u00a0\u00bb font_container=\u00a0\u00bbtag:h2|font_size:36|text_align:center\u00a0\u00bb google_fonts=\u00a0\u00bbfont_family:Lato%3A100%2C100italic%2C300%2C300italic%2Cregular%2Citalic%2C700%2C700italic%2C900%2C900italic|font_style:300%20light%20regular%3A300%3Anormal\u00a0\u00bb css=\u00a0\u00bb.vc_custom_1678436714678{margin-bottom: 66px !important;}\u00a0\u00bb]<style type=\"text\/css\" >#tle_xylmq5679zmb072kq9q9 .v_line{background: #64c682; background: -moz-linear-gradient(top, #64c682 1%, #125487 100%); background: -webkit-gradient(linear, left top, left bottom, color-stop(1%,#64c682), color-stop(100%,#125487)); background: -webkit-linear-gradient(top, #64c682 1%,#125487 100%); background: -o-linear-gradient(top, #64c682 1%,#125487 100%); background: -ms-linear-gradient(top, #64c682 1%,#125487 100%); background: linear-gradient(to bottom, #64c682 1%,#125487 100%); filter: progid:DXImageTransform.Microsoft.gradient( startColorstr=\"#64c682\", endColorstr=\"#125487\",GradientType=0 );}#tle_xylmq5679zmb072kq9q9 .event_img{border-color:#ecf0f1;}#tle_xylmq5679zmb072kq9q9 .event_info h2{color:#2c3e50;}#tle_xylmq5679zmb072kq9q9 .event_info p{color:#a1b1bc;}#tle_xylmq5679zmb072kq9q9 span.timeline_event_date_ctn:nth-of-type(odd) .timeline_event_date,#tle_xylmq5679zmb072kq9q9 span.timeline_event_date_ctn:nth-of-type(odd) h2{background:#ffffff; color:#a1b1bc;}#tle_xylmq5679zmb072kq9q9 span.timeline_event_date_ctn:nth-of-type(even) .timeline_event_date,#tle_xylmq5679zmb072kq9q9 span.timeline_event_date_ctn:nth-of-type(even) h2{background:#ffffff; color:#2c3e50;}#tle_xylmq5679zmb072kq9q9 div.timeline_event:nth-of-type(even):after {color:#64c682;}#tle_xylmq5679zmb072kq9q9 div.timeline_event:nth-of-type(odd):before {color:#125487;}#tle_xylmq5679zmb072kq9q9 {margin-top:0px; margin-bottom:0px; }<\/style>\n<!-- Timeline Event --><div class=\"timeline_event_ctn  clearfix\" id=\"tle_xylmq5679zmb072kq9q9\"><div class=\"v_line\"><\/div><div class=\"timeline_event rda_bounceInRight\"><div class=\"event_img\"><img loading=\"lazy\" decoding=\"async\" class=\"\" src=\"https:\/\/www.finindev-consulting.com\/wp-content\/uploads\/2023\/03\/new-growth-close-up-of-male-hands-holding-green-p-2022-12-16-13-32-20-utc-scaled-250x250.jpg\" width=\"250\" height=\"250\" alt=\"New Growth. Close-up of male hands holding green plant\" title=\"New Growth. Close-up of male hands holding green plant\" \/><\/div><div class=\"event_triangle\"><\/div><div class=\"event_info\"><h2>1986<\/h2><p>Cr\u00e9ation de FININDEV par Gilles BALLIN.<br \/>\nFININDEV se sp\u00e9cialise en finances publiques aupr\u00e8s des collectivit\u00e9s territoriales et des associations satellites.<\/p><\/div><\/div><div class=\"timeline_event rda_bounceInLeft\"><div class=\"event_img\"><img loading=\"lazy\" decoding=\"async\" class=\"\" src=\"https:\/\/www.finindev-consulting.com\/wp-content\/uploads\/2023\/03\/macro-shot-of-financial-concept-2022-12-15-23-23-56-utc-scaled-250x250.jpg\" width=\"250\" height=\"250\" alt=\"Green economy jar with money and growing plant\" title=\"Macro shot of financial concept\" \/><\/div><div class=\"event_triangle\"><\/div><div class=\"event_info\"><h2>1992<\/h2><p>FININDEV \u00e9tend son expertise en cr\u00e9ant un p\u00f4le d\u00e9di\u00e9 aux institutionnels.<\/p><\/div><\/div><div class=\"timeline_event rda_bounceInLeft\"><div class=\"event_img\"><img loading=\"lazy\" decoding=\"async\" class=\"\" src=\"https:\/\/www.finindev-consulting.com\/wp-content\/uploads\/2023\/03\/stock-market-trading-and-research-software-on-tabl-2022-12-15-22-41-53-utc-scaled-250x250.jpg\" width=\"250\" height=\"250\" alt=\"Stock market trading and research software on tablet PC\" title=\"Stock market trading and research software on tablet PC\" \/><\/div><div class=\"event_triangle\"><\/div><div class=\"event_info\"><h2>1999<\/h2><p>Cr\u00e9ation de son premier logiciel d\u2019analyse financi\u00e8re. Le lien entre comp\u00e9tence m\u00e9tier et d\u00e9veloppement informatique est d\u00e9j\u00e0 au c\u0153ur de la strat\u00e9gie.<\/p><\/div><\/div><div class=\"timeline_event rda_bounceInRight\"><div class=\"event_img\"><img loading=\"lazy\" decoding=\"async\" class=\"\" src=\"https:\/\/www.finindev-consulting.com\/wp-content\/uploads\/2023\/03\/Thesis-1-250x250.png\" width=\"250\" height=\"250\" alt=\"Thesis\" title=\"Thesis\" \/><\/div><div class=\"event_triangle\"><\/div><div class=\"event_info\"><h2>2014<\/h2><p>Apr\u00e8s le d\u00e9veloppement de 5 logiciels, FININDEV innove avec la sortie de Thesis, logiciel de gestion et de suivi des placements.<\/p><\/div><\/div><div class=\"timeline_event rda_bounceInLeft\"><div class=\"event_img\"><img loading=\"lazy\" decoding=\"async\" class=\"\" src=\"https:\/\/www.finindev-consulting.com\/wp-content\/uploads\/2023\/03\/Sans-titre-3-3-250x250.png\" width=\"250\" height=\"250\" alt=\"Sans titre-3\" title=\"Sans titre-3\" \/><\/div><div class=\"event_triangle\"><\/div><div class=\"event_info\"><h2>2018<\/h2><p>L\u2019int\u00e9gration dans le groupe Seldon Finance a permis \u00e0 FININDEV de b\u00e9n\u00e9ficier de ressources et de comp\u00e9tences compl\u00e9mentaires.<\/p><\/div><\/div><div class=\"timeline_event rda_bounceInRight\"><div class=\"event_img\"><img loading=\"lazy\" decoding=\"async\" class=\"\" src=\"https:\/\/www.finindev-consulting.com\/wp-content\/uploads\/2023\/03\/Sans-titre-4-250x250.png\" width=\"250\" height=\"250\" alt=\"Sans titre-4\" title=\"Sans titre-4\" \/><\/div><div class=\"event_triangle\"><\/div><div class=\"event_info\"><h2>2022<\/h2><p>Le Groupe se sp\u00e9cialise avec la cr\u00e9ation de p\u00f4les de comp\u00e9tences. FININDEV Consulting est d\u00e9di\u00e9e \u00e0 l\u2019expertise financi\u00e8re aupr\u00e8s des institutionnels.<\/p><\/div><\/div><\/div>\r\n\r\n<!-- Timeline Event END-->\n[\/vc_column][\/vc_row][vc_row][vc_column][vc_custom_heading text=\u00a0\u00bbLes <strong>Associ\u00e9s<\/strong>\u00a0\u00bb font_container=\u00a0\u00bbtag:h2|font_size:36|text_align:center\u00a0\u00bb google_fonts=\u00a0\u00bbfont_family:Lato%3A100%2C100italic%2C300%2C300italic%2Cregular%2Citalic%2C700%2C700italic%2C900%2C900italic|font_style:300%20light%20regular%3A300%3Anormal\u00a0\u00bb css=\u00a0\u00bb.vc_custom_1679672115277{margin-bottom: 66px !important;}\u00a0\u00bb][\/vc_column][\/vc_row][vc_row content_placement=\u00a0\u00bbmiddle\u00a0\u00bb][vc_column width=\u00a0\u00bb1\/6&Prime;][vc_single_image image=\u00a0\u00bb8565&Prime; img_size=\u00a0\u00bb300&#215;400&Prime; css=\u00a0\u00bb.vc_custom_1679993945428{padding-bottom: -100px !important;}\u00a0\u00bb][\/vc_column][vc_column width=\u00a0\u00bb1\/6&Prime;][vc_custom_heading text=\u00a0\u00bbGilles SEBE<br \/>\n<strong>Consultant Associ\u00e9<\/strong>\u00a0\u00bb font_container=\u00a0\u00bbtag:h2|font_size:15|text_align:left\u00a0\u00bb google_fonts=\u00a0\u00bbfont_family:Raleway%3A100%2C200%2C300%2Cregular%2C500%2C600%2C700%2C800%2C900|font_style:300%20light%20regular%3A300%3Anormal\u00a0\u00bb]<style type=\"text\/css\" >#rand_ex48qvbbleemr06mvco8 {margin-top:-50px; margin-bottom:0px; }<\/style><style type='text\/css'> @font-face{font-family: 'mfg'; src:url('https:\/\/www.finindev-consulting.com\/wp-content\/themes\/thefox\/includes\/4k-icons\/icons\/4k-icons-pack03\/icons\/fonts\/mfg.eot'); src:url('https:\/\/www.finindev-consulting.com\/wp-content\/themes\/thefox\/includes\/4k-icons\/icons\/4k-icons-pack03\/icons\/fonts\/mfg.eot?#iefix') format('embedded-opentype'), url('https:\/\/www.finindev-consulting.com\/wp-content\/themes\/thefox\/includes\/4k-icons\/icons\/4k-icons-pack03\/icons\/fonts\/mfg.woff') format('woff'), url('https:\/\/www.finindev-consulting.com\/wp-content\/themes\/thefox\/includes\/4k-icons\/icons\/4k-icons-pack03\/icons\/fonts\/mfg.ttf') format('truetype'), url('https:\/\/www.finindev-consulting.com\/wp-content\/themes\/thefox\/includes\/4k-icons\/icons\/4k-icons-pack03\/icons\/fonts\/mfg.svg#oi') format('svg'); font-weight: normal; font-style: normal;}#rand_ex48qvbbleemr06mvco8 .mfg-linkedin:before{font-family: 'mfg'; font-weight: normal; font-style: normal;}#rand_ex48qvbbleemr06mvco8 .mfg-linkedin:before{content: \"\\e88f\";}<\/style>\n<a href=\"https:\/\/www.linkedin.com\/in\/gilles-sebe-57339424\/\" target=\"_blank\" ><div id=\"rand_ex48qvbbleemr06mvco8\" class=\"icon_box_si \"><i class=\"mfg-linkedin\" style=\"color:#125485;\"><\/i><h3 style=\"color:#ffffff;\">.<\/h3><p style=\"color:#ffffff\">.<\/p><\/div><\/a>[\/vc_column][vc_column width=\u00a0\u00bb1\/6&Prime;][vc_single_image image=\u00a0\u00bb8549&Prime; img_size=\u00a0\u00bb300&#215;400&Prime; css=\u00a0\u00bb.vc_custom_1679989450709{padding-bottom: -100px !important;}\u00a0\u00bb][\/vc_column][vc_column width=\u00a0\u00bb1\/6&Prime;][vc_custom_heading text=\u00a0\u00bbPierre VERINE<br \/>\n<strong>Consultant Associ\u00e9<\/strong>\u00a0\u00bb font_container=\u00a0\u00bbtag:h2|font_size:15|text_align:left\u00a0\u00bb google_fonts=\u00a0\u00bbfont_family:Raleway%3A100%2C200%2C300%2Cregular%2C500%2C600%2C700%2C800%2C900|font_style:300%20light%20regular%3A300%3Anormal\u00a0\u00bb]<style type=\"text\/css\" >#rand_rrf0m1mijzucohm0s1zh {margin-top:-50px; margin-bottom:0px; }<\/style><style type='text\/css'> @font-face{font-family: 'mfg'; src:url('https:\/\/www.finindev-consulting.com\/wp-content\/themes\/thefox\/includes\/4k-icons\/icons\/4k-icons-pack03\/icons\/fonts\/mfg.eot'); src:url('https:\/\/www.finindev-consulting.com\/wp-content\/themes\/thefox\/includes\/4k-icons\/icons\/4k-icons-pack03\/icons\/fonts\/mfg.eot?#iefix') format('embedded-opentype'), url('https:\/\/www.finindev-consulting.com\/wp-content\/themes\/thefox\/includes\/4k-icons\/icons\/4k-icons-pack03\/icons\/fonts\/mfg.woff') format('woff'), url('https:\/\/www.finindev-consulting.com\/wp-content\/themes\/thefox\/includes\/4k-icons\/icons\/4k-icons-pack03\/icons\/fonts\/mfg.ttf') format('truetype'), url('https:\/\/www.finindev-consulting.com\/wp-content\/themes\/thefox\/includes\/4k-icons\/icons\/4k-icons-pack03\/icons\/fonts\/mfg.svg#oi') format('svg'); font-weight: normal; font-style: normal;}#rand_rrf0m1mijzucohm0s1zh .mfg-linkedin:before{font-family: 'mfg'; font-weight: normal; font-style: normal;}#rand_rrf0m1mijzucohm0s1zh .mfg-linkedin:before{content: \"\\e88f\";}<\/style>\n<a href=\"https:\/\/www.linkedin.com\/in\/pierre-verine-b308a9119\/\" target=\"_blank\" ><div id=\"rand_rrf0m1mijzucohm0s1zh\" class=\"icon_box_si \"><i class=\"mfg-linkedin\" style=\"color:#125485;\"><\/i><h3 style=\"color:#ffffff;\">.<\/h3><p style=\"color:#ffffff\">.<\/p><\/div><\/a>[\/vc_column][vc_column width=\u00a0\u00bb1\/6&Prime;][vc_single_image image=\u00a0\u00bb8550&Prime; img_size=\u00a0\u00bb300&#215;400&Prime;][\/vc_column][vc_column width=\u00a0\u00bb1\/6&Prime;][vc_custom_heading text=\u00a0\u00bbPierre-Jean SERT<br \/>\n<strong>Consultant Associ\u00e9<\/strong>\u00a0\u00bb font_container=\u00a0\u00bbtag:h2|font_size:15|text_align:left\u00a0\u00bb google_fonts=\u00a0\u00bbfont_family:Raleway%3A100%2C200%2C300%2Cregular%2C500%2C600%2C700%2C800%2C900|font_style:300%20light%20regular%3A300%3Anormal\u00a0\u00bb]<style type=\"text\/css\" >#rand_8b8sd8eu4jw6l2f8re6b {margin-top:-50px; margin-bottom:0px; }<\/style><style type='text\/css'> @font-face{font-family: 'mfg'; src:url('https:\/\/www.finindev-consulting.com\/wp-content\/themes\/thefox\/includes\/4k-icons\/icons\/4k-icons-pack03\/icons\/fonts\/mfg.eot'); src:url('https:\/\/www.finindev-consulting.com\/wp-content\/themes\/thefox\/includes\/4k-icons\/icons\/4k-icons-pack03\/icons\/fonts\/mfg.eot?#iefix') format('embedded-opentype'), url('https:\/\/www.finindev-consulting.com\/wp-content\/themes\/thefox\/includes\/4k-icons\/icons\/4k-icons-pack03\/icons\/fonts\/mfg.woff') format('woff'), url('https:\/\/www.finindev-consulting.com\/wp-content\/themes\/thefox\/includes\/4k-icons\/icons\/4k-icons-pack03\/icons\/fonts\/mfg.ttf') format('truetype'), url('https:\/\/www.finindev-consulting.com\/wp-content\/themes\/thefox\/includes\/4k-icons\/icons\/4k-icons-pack03\/icons\/fonts\/mfg.svg#oi') format('svg'); font-weight: normal; font-style: normal;}#rand_8b8sd8eu4jw6l2f8re6b .mfg-linkedin:before{font-family: 'mfg'; font-weight: normal; font-style: normal;}#rand_8b8sd8eu4jw6l2f8re6b .mfg-linkedin:before{content: \"\\e88f\";}<\/style>\n<a href=\"https:\/\/www.linkedin.com\/in\/pierre-jean-sert-b4923556\/\" target=\"_blank\" ><div id=\"rand_8b8sd8eu4jw6l2f8re6b\" class=\"icon_box_si \"><i class=\"mfg-linkedin\" style=\"color:#125485;\"><\/i><h3 style=\"color:#ffffff;\">.<\/h3><p style=\"color:#ffffff\">.<\/p><\/div><\/a>[\/vc_column][\/vc_row][vc_row][vc_column][vc_column_text]<\/p>\n<p>[\/vc_column_text][\/vc_column][\/vc_row]<\/p>\n<\/section>","protected":false},"excerpt":{"rendered":"<p>[vc_row type=\u00a0\u00bbfull-width-section\u00a0\u00bb css=\u00a0\u00bb.vc_custom_1679324841240{margin-bottom: -20px !important;padding-top: 80px !important;padding-bottom: 40px !important;background-color: #64c682 !important;background-position: center !important;background-repeat: no-repeat !important;background-size: cover !important;}\u00a0\u00bb font_color=\u00a0\u00bb#ffffff\u00a0\u00bb parallax_background=\u00a0\u00bb\u00a0\u00bb][vc_column width=\u00a0\u00bb1\/2&Prime;][vc_single_image image=\u00a0\u00bb8103&Prime; img_size=\u00a0\u00bb750&#215;820&Prime;][\/vc_column][vc_column width=\u00a0\u00bb1\/2&Prime; css=\u00a0\u00bb.vc_custom_1422812233567{padding-bottom: 50px !important;}\u00a0\u00bb][vc_custom_heading text=\u00a0\u00bbQui sommes-nous ?\u00a0\u00bb font_container=\u00a0\u00bbtag:h2|font_size:48|text_align:center|color:%23ffffff|line_height:56px\u00a0\u00bb google_fonts=\u00a0\u00bbfont_family:Raleway%3A100%2C200%2C300%2Cregular%2C500%2C600%2C700%2C800%2C900|font_style:400%20regular%3A400%3Anormal\u00a0\u00bb css=\u00a0\u00bb.vc_custom_1679673355591{margin-bottom: 20px !important;}\u00a0\u00bb][vc_custom_heading text=\u00a0\u00bbFININDEV Consulting est un cabinet d\u2019expertise financi\u00e8re sp\u00e9cialis\u00e9 dans le conseil aux institutionnels. Nous accompagnons depuis 1986 des associations, fondations, ordres<br \/><a href=\"https:\/\/www.finindev-consulting.com\/index.php\/qui-sommes-nous\/\" class=\"more\">Read more<\/a><\/p>\n","protected":false},"author":1,"featured_media":0,"parent":0,"menu_order":2,"comment_status":"closed","ping_status":"open","template":"","meta":{"footnotes":""},"class_list":["post-3886","page","type-page","status-publish","hentry"],"_links":{"self":[{"href":"https:\/\/www.finindev-consulting.com\/index.php\/wp-json\/wp\/v2\/pages\/3886","targetHints":{"allow":["GET"]}}],"collection":[{"href":"https:\/\/www.finindev-consulting.com\/index.php\/wp-json\/wp\/v2\/pages"}],"about":[{"href":"https:\/\/www.finindev-consulting.com\/index.php\/wp-json\/wp\/v2\/types\/page"}],"author":[{"embeddable":true,"href":"https:\/\/www.finindev-consulting.com\/index.php\/wp-json\/wp\/v2\/users\/1"}],"replies":[{"embeddable":true,"href":"https:\/\/www.finindev-consulting.com\/index.php\/wp-json\/wp\/v2\/comments?post=3886"}],"version-history":[{"count":170,"href":"https:\/\/www.finindev-consulting.com\/index.php\/wp-json\/wp\/v2\/pages\/3886\/revisions"}],"predecessor-version":[{"id":8759,"href":"https:\/\/www.finindev-consulting.com\/index.php\/wp-json\/wp\/v2\/pages\/3886\/revisions\/8759"}],"wp:attachment":[{"href":"https:\/\/www.finindev-consulting.com\/index.php\/wp-json\/wp\/v2\/media?parent=3886"}],"curies":[{"name":"wp","href":"https:\/\/api.w.org\/{rel}","templated":true}]}}