{"id":4091,"date":"2015-02-04T12:51:58","date_gmt":"2015-02-04T04:51:58","guid":{"rendered":"http:\/\/www.rd-themes.com\/TheFox\/?page_id=4091"},"modified":"2023-05-29T15:35:13","modified_gmt":"2023-05-29T13:35:13","slug":"actualites","status":"publish","type":"page","link":"https:\/\/www.finindev-consulting.com\/index.php\/actualites\/","title":{"rendered":"Actualit\u00e9s"},"content":{"rendered":"<section class=\"wpb-content-wrapper\"><p>[vc_row type=\u00a0\u00bbfull-width-section\u00a0\u00bb content_placement=\u00a0\u00bbmiddle\u00a0\u00bb parallax=\u00a0\u00bbcontent-moving\u00a0\u00bb parallax_image=\u00a0\u00bb8928&Prime; css=\u00a0\u00bb.vc_custom_1685367298924{margin-bottom: -10px !important;padding-top: 250px !important;padding-right: 500px !important;padding-bottom: 250px !important;padding-left: 250px !important;}\u00a0\u00bb][vc_column][vc_custom_heading text=\u00a0\u00bbActualit\u00e9s\u00a0\u00bb font_container=\u00a0\u00bbtag:h2|font_size:85|text_align:center|color:%23ffffff|line_height:90px\u00a0\u00bb google_fonts=\u00a0\u00bbfont_family:Raleway%3A100%2C200%2C300%2Cregular%2C500%2C600%2C700%2C800%2C900|font_style:900%20bold%20regular%3A900%3Anormal\u00a0\u00bb][vc_custom_heading text=\u00a0\u00bbRetrouvez ici nos derni\u00e8res actualit\u00e9s et publications li\u00e9es \u00e0 l\u2019investissement institutionnel.\u00a0\u00bb font_container=\u00a0\u00bbtag:h3|font_size:36|text_align:center|color:%23ffffff|line_height:40px\u00a0\u00bb google_fonts=\u00a0\u00bbfont_family:Raleway%3A100%2C200%2C300%2Cregular%2C500%2C600%2C700%2C800%2C900|font_style:300%20light%20regular%3A300%3Anormal\u00a0\u00bb][\/vc_column][\/vc_row][vc_row type=\u00a0\u00bbfull-width-section\u00a0\u00bb css=\u00a0\u00bb.vc_custom_1682011711661{margin-bottom: 0px !important;padding-top: 40px !important;background-color: #f9fafb !important;}\u00a0\u00bb parallax_background=\u00a0\u00bb\u00a0\u00bb][vc_column]<style type=\"text\/css\" >.post-title h2 a{color:#2c3e50;}.post-title h2 a:hover{color:#21c2f8;}.post,.post .post-info a{color:#a1b1bc;}.mejs-container .mejs-controls,.audio_ctn{background:#a1b1bc !important;}.post_quote_text,.post_quote_author{background:#21c2f8; color:#ffffff;}.post a{color:#1abc9c;}.post a:hover,.post .post-info a:hover{color:#21c2f8;}.post .more-link{color:#2c3e50; border:1px solid #2c3e50;}.post .more-link:hover{background:#2c3e50; color:#ffffff;}.mejs-controls .mejs-time-rail .mejs-time-current{background:#2c3e50 !important;}.post .post-info{border-bottom:1px solid #ebebeb;}.blog_load_more_cont .btn_load_more{background:#ffffff; color:#2c3e50; border:1px solid #2c3e50;}.blog_load_more_cont .btn_load_more .refresh_icn:before{color:#2c3e50;}.blog_load_more_cont .btn_load_more:hover{background:#2c3e50; color:#ffffff; border:1px solid #2c3e50;}.blog_load_more_cont .btn_load_more:hover .refresh_icn:before{color:#ffffff;}.navigation .pagination span,.navigation .pagination a{border:1px solid #ecf0f1; color:#a1b1bc; background:#ffffff;}.navigation .pagination .current,.navigation .pagination span:hover,.navigation .pagination a:hover{ color:#ffffff !important; background:#222533; border:1px solid #222533; }.navigation{border-top:1px solid #ecf0f1;}.pagination_current_position{color:#a1b1bc;}.standard_trend_post_wrapper .post-title h2:after{color:#a1b1bc;}.standard_trend_post_wrapper .post-info,.standard_trend_post_wrapper .post-info a{color:#1abc9c;}.standard_trend_post_wrapper .more{background:#21c2f8; color:#fff;}.standard_trend_post_wrapper .more:hover{background:#1abc9c; color:#fff;}.standard_trend_post_wrapper .post-info-bottom{border-top:1px solid #ebebeb; color:#a1b1bc;}.standard_trend_post_wrapper .post-info-bottom a{color:#a1b1bc;}.masonry_post_wrapper,.masonry_post_wrapper .post-info a,.masonry_post_wrapper .post-bottom-info a{color:#a1b1bc;}.masonry_post_wrapper a{color:#1abc9c;}.masonry_post_wrapper a:hover,.masonry_post_wrapper .post-info a:hover,.masonry_post_wrapper .post-bottom-info a:hover{color:#21c2f8;}.masonry_post_wrapper .more-link{color:#2c3e50; border:1px solid #2c3e50;}.masonry_post_wrapper .more-link:hover{background:#2c3e50; color:#ffffff;}.masonry_post_wrapper{background:#ffffff; border:1px solid #ebebeb;}.masonry_post_wrapper .post-info{border-bottom:1px solid #ebebeb;}.masonry_post_wrapper .post-bottom-info{border-top:1px solid #ebebeb;}.masonry_post_wrapper .flex-direction-nav li a{color:#2c3e50; background:#ffffff;}.post_masonry .more-link,.post_timeline .more{color:#ffffff; border:1px solid #2c3e50; background:#2c3e50}.post_masonry .more-link:hover{background:#21c2f8; color:#ffffff; border:1px solid #21c2f8;}.grid_blog_post .more{color:#2c3e50; border:1px solid #2c3e50; background:#ffffff}.grid_blog_post .more:hover{background:#2c3e50; color:#ffffff; border:1px solid #2c3e50;}.post.multi_author_post .more-link{color:#2c3e50;  background:none; border:none;}.post.multi_author_post .more-link:hover{color:#21c2f8; background:none; border:none; }.trending_post_wrapper,.standard_trend_post_wrapper{background:#ffffff; border:1px solid #ebebeb}div.post_timeline:after,div.post_timeline:before{background:#ffffff; box-shadow: 0 0 0 3px #ffffff; border:1px solid #1abc9c}.timeline_ctn .v_line{background: #1abc9c; background: -moz-linear-gradient(top, #1abc9c 1%, #29d9c2 100%); background: -webkit-gradient(linear, left top, left bottom, color-stop(1%,#1abc9c), color-stop(100%,#29d9c2)); background: -webkit-linear-gradient(top, #1abc9c 1%,#29d9c2 100%); background: -o-linear-gradient(top, #1abc9c 1%,#29d9c2 100%); background: -ms-linear-gradient(top, #1abc9c 1%,#29d9c2 100%); background: linear-gradient(to bottom, #1abc9c 1%,#29d9c2 100%); filter: progid:DXImageTransform.Microsoft.gradient( startColorstr=\"#1abc9c\", endColorstr=\"#29d9c2\",GradientType=0 );}.timeline_month{background:#ffffff;}.post_timeline .arrow_l,.post_timeline .arrow_r{color:#2c3e50;}.post_timeline:hover .arrow_l,.post_timeline:hover .arrow_r{color:#21c2f8;}.timeline_pd_l,.timeline_pd_r{background:#2c3e50; color:#ffffff;}.timeline_pd_l:before,.timeline_pd_r:before{border-color:transparent #2c3e50 transparent;}.post-attachement a.blog_img_overlay:before{background:#21c2f8;}.masonry_post_wrapper{box-shadow:0 0px 0px #ffffff, 0 10px 0 -1px #ffffff, 0 0px 0px 0px #ffffff,0 0px 0px #ffffff, 0 10px 0 0px #ebebeb, 0px 0px 0px 0px #ffffff;}.author_date_ctn .rounded_date_ctn{border-color:#ffffff; color:#ffffff; background:#2c3e50;}.multi_author_post:hover .rounded_date_ctn,.author_date_ctn:before{background:#1abc9c;}.multi_author_ctn,.multi_author_ctn:after,.author_date_ctn img{background:#ffffff; border:1px solid #ebebeb; }.business_author_post .post_b_author a{color:#2c3e50; }.business_author_post .post_b_date{color:#999999; }.business_author_post .entry,.business_author_post .entry p{color:#a1b1bc; }.business_author_post .post_b_category a{background:#f6f7f8; border:1px solid #ebebeb; color:#999999; }.business_author_post .post-info a:first-child{color:#1abc9c; }.business_author_post .post-info a:hover:first-child{color:#2c3e50; }.business_author_post .post-info a,.business_author_post .post-info{color:#999999;}.business_author_post .post-info a:hover,.business_author_post .post_b_author a:hover{color:#21c2f8;}.business_author_post .post_quote_author,.business_author_post .post_quote_text:after,.business_author_post .post_quote_text{background:#1abc9c; color:#ffffff;}<\/style><script>\r\n\r\n\r\n\r\njQuery.noConflict();\r\n\r\n\r\n\r\njQuery(document).ready(function($){\r\n\t\"use strict\";\r\n\r\n\r\n $(window).load(function(){\r\n\r\nfunction watchblog() {\r\n\r\n$(\".masonry_ctn\").isotope({\r\n  \/\/ options\r\n  itemSelector : '.ajax_post',\r\n  layoutMode : 'masonry'\r\n});\r\n\r\n}\r\n\r\nsetInterval(watchblog, 100);\r\n\r\n});});\r\n\r\n\r\n<\/script>\r\n<div id=\"rd_a9c9s9z9dt1skfz74qv5\" class=\"masonry_ctn blog_masonry\">\r\n\r\n<div class=\"ajax_post post_masonry blog_3_col \">\r\n\r\n\r\n <div class=\"masonry_post_wrapper\">\r\n<div class='post-attachement'><a href=\"https:\/\/www.finindev-consulting.com\/index.php\/2023\/04\/21\/finindev-consulting-lexpert-financier-des-institutionnels-article-challenges\/\" class=\"blog_img_overlay\"><img loading=\"lazy\" decoding=\"async\" width=\"1024\" height=\"768\" src=\"https:\/\/www.finindev-consulting.com\/wp-content\/uploads\/2023\/04\/Challenges.webp\" class=\"attachment-full size-full wp-post-image\" alt=\"\" srcset=\"https:\/\/www.finindev-consulting.com\/wp-content\/uploads\/2023\/04\/Challenges.webp 1024w, https:\/\/www.finindev-consulting.com\/wp-content\/uploads\/2023\/04\/Challenges-300x225.webp 300w, https:\/\/www.finindev-consulting.com\/wp-content\/uploads\/2023\/04\/Challenges-768x576.webp 768w\" sizes=\"auto, (max-width: 1024px) 100vw, 1024px\" \/><\/a><a href='https:\/\/www.finindev-consulting.com\/wp-content\/uploads\/2023\/04\/Challenges.webp' class='prettyPhoto post-att-zoom'><i class='fa fa-expand'><\/i><\/a><\/div><div class='sep_25'><\/div><!-- .title -->\r\n<div class=\"post-title\">\r\n<h2><a href=\"https:\/\/www.finindev-consulting.com\/index.php\/2023\/04\/21\/finindev-consulting-lexpert-financier-des-institutionnels-article-challenges\/\" title=\"FININDEV Consulting\u00a0: l\u2019expert financier des institutionnels (article Challenges)\">\r\nFININDEV Consulting\u00a0: l\u2019expert financier des institutionnels (article Challenges)<\/a><\/h2>\r\n<\/div>\r\n<!-- .title END-->\r\n<!-- post-info-top -->\r\n<div class=\"post-info\"><span class=\"pi_author\">By <a href=\"https:\/\/www.finindev-consulting.com\/index.php\/author\/webmaster\/\" title=\"Articles par Webmaster\" rel=\"author\">Webmaster<\/a>    <span class=\"pi_sep\">|<\/span>    <\/span><span class=\"pi_date\">21 avril, 2023<\/span><\/div>\r\n<!-- post-info END-->\r\n<!-- .entry -->\r\n<div class=\"entry\">\r\n      <p>Retrouvez notre interview r\u00e9alis\u00e9e par Challenges : https:\/\/www.challenges.fr\/economie\/finindev-consulting-l-expert-financier-des-institutionnels_852496<a href=\"https:\/\/www.finindev-consulting.com\/index.php\/2023\/04\/21\/finindev-consulting-lexpert-financier-des-institutionnels-article-challenges\/\" class=\"more-link\">Read more<\/a><\/p>\n<p><\/p><\/div> <div class=\"post-bottom-info\"><span class=\"info_comment\"><span class=\"comments-link\">Comments are Closed<\/span>    <span class=\"pi_sep\">|<\/span>    <\/span><span class=\"info_like\"><a href=\"#\" class=\"zilla-likes\" id=\"zilla-likes-8809\" title=\"Like this\"><span class=\"zilla-likes-count\">0<\/span> <span class=\"zilla-likes-postfix\"><\/span><\/a><\/span><\/div>\r\n<\/div>\r\n<\/div>\r\n<!-- .post-content END-->\r\n<!-- .post END -->\r\n\t\r\n<div class=\"ajax_post post_masonry blog_3_col \">\r\n\r\n\r\n <div class=\"masonry_post_wrapper\">\r\n<div class='post-attachement'><a href=\"https:\/\/www.finindev-consulting.com\/index.php\/2023\/06\/27\/carpa-rhone-alpes\/\" class=\"blog_img_overlay\"><img loading=\"lazy\" decoding=\"async\" width=\"1080\" height=\"1080\" src=\"https:\/\/www.finindev-consulting.com\/wp-content\/uploads\/2023\/06\/MERCI-4.png\" class=\"attachment-full size-full wp-post-image\" alt=\"\" srcset=\"https:\/\/www.finindev-consulting.com\/wp-content\/uploads\/2023\/06\/MERCI-4.png 1080w, https:\/\/www.finindev-consulting.com\/wp-content\/uploads\/2023\/06\/MERCI-4-300x300.png 300w, https:\/\/www.finindev-consulting.com\/wp-content\/uploads\/2023\/06\/MERCI-4-1024x1024.png 1024w, https:\/\/www.finindev-consulting.com\/wp-content\/uploads\/2023\/06\/MERCI-4-150x150.png 150w, https:\/\/www.finindev-consulting.com\/wp-content\/uploads\/2023\/06\/MERCI-4-768x768.png 768w, https:\/\/www.finindev-consulting.com\/wp-content\/uploads\/2023\/06\/MERCI-4-570x570.png 570w, https:\/\/www.finindev-consulting.com\/wp-content\/uploads\/2023\/06\/MERCI-4-266x266.png 266w\" sizes=\"auto, (max-width: 1080px) 100vw, 1080px\" \/><\/a><a href='https:\/\/www.finindev-consulting.com\/wp-content\/uploads\/2023\/06\/MERCI-4.png' class='prettyPhoto post-att-zoom'><i class='fa fa-expand'><\/i><\/a><\/div><div class='sep_25'><\/div><!-- .title -->\r\n<div class=\"post-title\">\r\n<h2><a href=\"https:\/\/www.finindev-consulting.com\/index.php\/2023\/06\/27\/carpa-rhone-alpes\/\" title=\"CARPA Rh\u00f4ne-Alpes\">\r\nCARPA Rh\u00f4ne-Alpes<\/a><\/h2>\r\n<\/div>\r\n<!-- .title END-->\r\n<!-- post-info-top -->\r\n<div class=\"post-info\"><span class=\"pi_author\">By <a href=\"https:\/\/www.finindev-consulting.com\/index.php\/author\/admin2289\/\" title=\"Articles par admin2289\" rel=\"author\">admin2289<\/a>    <span class=\"pi_sep\">|<\/span>    <\/span><span class=\"pi_date\">27 juin, 2023<\/span><\/div>\r\n<!-- post-info END-->\r\n<!-- .entry -->\r\n<div class=\"entry\">\r\n      <p>\ud83d\ude4fFort de notre pr\u00e9sence en r\u00e9gion Rh\u00f4ne-Alpes, nous avons aujourd&rsquo;hui l&rsquo;honneur de compter parmi nos clients la CARPA Rh\u00f4ne-Alpes. \u27a1\ufe0fCette nouvelle collaboration t\u00e9moigne de notre engagement aupr\u00e8s des caisses d&rsquo;avocats. #Rh\u00f4neAlpes&nbsp;#CARPA&nbsp;#FinindevConsulting&nbsp;#placements&nbsp;#institutionnels&nbsp;#conseils&nbsp;#performances<a href=\"https:\/\/www.finindev-consulting.com\/index.php\/2023\/06\/27\/carpa-rhone-alpes\/\" class=\"more-link\">Read more<\/a><\/p>\n<p><\/p><\/div> <div class=\"post-bottom-info\"><span class=\"info_comment\"><span class=\"comments-link\">Comments are Closed<\/span>    <span class=\"pi_sep\">|<\/span>    <\/span><span class=\"info_like\"><a href=\"#\" class=\"zilla-likes\" id=\"zilla-likes-8968\" title=\"Like this\"><span class=\"zilla-likes-count\">0<\/span> <span class=\"zilla-likes-postfix\"><\/span><\/a><\/span><\/div>\r\n<\/div>\r\n<\/div>\r\n<!-- .post-content END-->\r\n<!-- .post END -->\r\n\t\r\n<div class=\"ajax_post post_masonry blog_3_col \">\r\n\r\n\r\n <div class=\"masonry_post_wrapper\">\r\n<div class='post-attachement'><a href=\"https:\/\/www.finindev-consulting.com\/index.php\/2023\/04\/21\/carpa-de-marseille\/\" class=\"blog_img_overlay\"><img loading=\"lazy\" decoding=\"async\" width=\"1080\" height=\"1080\" src=\"https:\/\/www.finindev-consulting.com\/wp-content\/uploads\/2023\/04\/Marseille.webp\" class=\"attachment-full size-full wp-post-image\" alt=\"\" srcset=\"https:\/\/www.finindev-consulting.com\/wp-content\/uploads\/2023\/04\/Marseille.webp 1080w, https:\/\/www.finindev-consulting.com\/wp-content\/uploads\/2023\/04\/Marseille-300x300.webp 300w, https:\/\/www.finindev-consulting.com\/wp-content\/uploads\/2023\/04\/Marseille-1024x1024.webp 1024w, https:\/\/www.finindev-consulting.com\/wp-content\/uploads\/2023\/04\/Marseille-150x150.webp 150w, https:\/\/www.finindev-consulting.com\/wp-content\/uploads\/2023\/04\/Marseille-768x768.webp 768w, https:\/\/www.finindev-consulting.com\/wp-content\/uploads\/2023\/04\/Marseille-570x570.webp 570w, https:\/\/www.finindev-consulting.com\/wp-content\/uploads\/2023\/04\/Marseille-266x266.webp 266w\" sizes=\"auto, (max-width: 1080px) 100vw, 1080px\" \/><\/a><a href='https:\/\/www.finindev-consulting.com\/wp-content\/uploads\/2023\/04\/Marseille.webp' class='prettyPhoto post-att-zoom'><i class='fa fa-expand'><\/i><\/a><\/div><div class='sep_25'><\/div><!-- .title -->\r\n<div class=\"post-title\">\r\n<h2><a href=\"https:\/\/www.finindev-consulting.com\/index.php\/2023\/04\/21\/carpa-de-marseille\/\" title=\"CARPA de Marseille\">\r\nCARPA de Marseille<\/a><\/h2>\r\n<\/div>\r\n<!-- .title END-->\r\n<!-- post-info-top -->\r\n<div class=\"post-info\"><span class=\"pi_author\">By <a href=\"https:\/\/www.finindev-consulting.com\/index.php\/author\/webmaster\/\" title=\"Articles par Webmaster\" rel=\"author\">Webmaster<\/a>    <span class=\"pi_sep\">|<\/span>    <\/span><span class=\"pi_date\">21 avril, 2023<\/span><\/div>\r\n<!-- post-info END-->\r\n<!-- .entry -->\r\n<div class=\"entry\">\r\n      <p>\ud83d\ude4fNous sommes ravis de vous faire part de la d\u00e9cision prise par la\ud835\uddd6\ud835\uddd4\ud835\udde5\ud835\udde3\ud835\uddd4 \ud835\uddf1\ud835\uddf2 \ud835\udde0\ud835\uddee\ud835\uddff\ud835\ude00\ud835\uddf2\ud835\uddf6\ud835\uddf9\ud835\uddf9\ud835\uddf2 d&rsquo;\u00eatre accompagn\u00e9e par les \u00e9quipes de \ud835\uddd9\ud835\udddc\ud835\udde1\ud835\udddc\ud835\udde1\ud835\uddd7\ud835\uddd8\ud835\udde9 \ud835\uddd6\ud835\uddfc\ud835\uddfb\ud835\ude00\ud835\ude02\ud835\uddf9\ud835\ude01\ud835\uddf6\ud835\uddfb\ud835\uddf4 sur le volet financier.\u27a1\ufe0fCe partenariat refl\u00e8te notre volont\u00e9 d&rsquo;accompagnement des acteurs du monde institutionnel dans la dur\u00e9e. #Marseille #CARPA #Finindevconsulting #placements #institutionnels #conseils #performances<a href=\"https:\/\/www.finindev-consulting.com\/index.php\/2023\/04\/21\/carpa-de-marseille\/\" class=\"more-link\">Read more<\/a><\/p>\n<p><\/p><\/div> <div class=\"post-bottom-info\"><span class=\"info_comment\"><span class=\"comments-link\">Comments are Closed<\/span>    <span class=\"pi_sep\">|<\/span>    <\/span><span class=\"info_like\"><a href=\"#\" class=\"zilla-likes\" id=\"zilla-likes-8817\" title=\"Like this\"><span class=\"zilla-likes-count\">0<\/span> <span class=\"zilla-likes-postfix\"><\/span><\/a><\/span><\/div>\r\n<\/div>\r\n<\/div>\r\n<!-- .post-content END-->\r\n<!-- .post END -->\r\n\t\r\n<div class=\"ajax_post post_masonry blog_3_col \">\r\n\r\n\r\n <div class=\"masonry_post_wrapper\">\r\n<!-- .title -->\r\n<div class=\"post-title\">\r\n<h2><a href=\"https:\/\/www.finindev-consulting.com\/index.php\/2023\/04\/20\/lincroyable-repetition-des-erreurs-economiques-a-travers-les-ages\/\" title=\"L&rsquo;incroyable r\u00e9p\u00e9tition des erreurs \u00e9conomiques \u00e0 travers les \u00e2ges\">\r\nL&rsquo;incroyable r\u00e9p\u00e9tition des erreurs \u00e9conomiques \u00e0 travers les \u00e2ges<\/a><\/h2>\r\n<\/div>\r\n<!-- .title END-->\r\n<!-- post-info-top -->\r\n<div class=\"post-info\"><span class=\"pi_author\">By <a href=\"https:\/\/www.finindev-consulting.com\/index.php\/author\/webmaster\/\" title=\"Articles par Webmaster\" rel=\"author\">Webmaster<\/a>    <span class=\"pi_sep\">|<\/span>    <\/span><span class=\"pi_date\">20 avril, 2023<\/span><\/div>\r\n<!-- post-info END-->\r\n<!-- .entry -->\r\n<div class=\"entry\">\r\n      <p>A m\u00e9diter avec les sujets d\u2019actualit\u00e9s comme l\u2019IA, les GAFAM ou les politiques \u00e9conomiques des pays et des banques centrales. Il faut esp\u00e9rer et \u00e9voluer avec son temps sans oublier les le\u00e7ons du pass\u00e9. https:\/\/www.lesechos.fr\/idees-debats\/livres\/lincroyable-repetition-des-erreurs-economiques-a-travers-les-ages-1933455<a href=\"https:\/\/www.finindev-consulting.com\/index.php\/2023\/04\/20\/lincroyable-repetition-des-erreurs-economiques-a-travers-les-ages\/\" class=\"more-link\">Read more<\/a><\/p>\n<p><\/p><\/div> <div class=\"post-bottom-info\"><span class=\"info_comment\"><span class=\"comments-link\">Comments are Closed<\/span>    <span class=\"pi_sep\">|<\/span>    <\/span><span class=\"info_like\"><a href=\"#\" class=\"zilla-likes\" id=\"zilla-likes-8784\" title=\"Like this\"><span class=\"zilla-likes-count\">0<\/span> <span class=\"zilla-likes-postfix\"><\/span><\/a><\/span><\/div>\r\n<\/div>\r\n<\/div>\r\n<!-- .post-content END-->\r\n<!-- .post END -->\r\n\t\r\n<div class=\"ajax_post post_masonry blog_3_col \">\r\n\r\n\r\n <div class=\"masonry_post_wrapper\">\r\n<div class='post-attachement'><a href=\"https:\/\/www.finindev-consulting.com\/index.php\/2023\/04\/20\/cdb\/\" class=\"blog_img_overlay\"><img loading=\"lazy\" decoding=\"async\" width=\"1080\" height=\"1080\" src=\"https:\/\/www.finindev-consulting.com\/wp-content\/uploads\/2023\/04\/Paris-1.webp\" class=\"attachment-full size-full wp-post-image\" alt=\"\" srcset=\"https:\/\/www.finindev-consulting.com\/wp-content\/uploads\/2023\/04\/Paris-1.webp 1080w, https:\/\/www.finindev-consulting.com\/wp-content\/uploads\/2023\/04\/Paris-1-300x300.webp 300w, https:\/\/www.finindev-consulting.com\/wp-content\/uploads\/2023\/04\/Paris-1-1024x1024.webp 1024w, https:\/\/www.finindev-consulting.com\/wp-content\/uploads\/2023\/04\/Paris-1-150x150.webp 150w, https:\/\/www.finindev-consulting.com\/wp-content\/uploads\/2023\/04\/Paris-1-768x768.webp 768w, https:\/\/www.finindev-consulting.com\/wp-content\/uploads\/2023\/04\/Paris-1-570x570.webp 570w, https:\/\/www.finindev-consulting.com\/wp-content\/uploads\/2023\/04\/Paris-1-266x266.webp 266w\" sizes=\"auto, (max-width: 1080px) 100vw, 1080px\" \/><\/a><a href='https:\/\/www.finindev-consulting.com\/wp-content\/uploads\/2023\/04\/Paris-1.webp' class='prettyPhoto post-att-zoom'><i class='fa fa-expand'><\/i><\/a><\/div><div class='sep_25'><\/div><!-- .title -->\r\n<div class=\"post-title\">\r\n<h2><a href=\"https:\/\/www.finindev-consulting.com\/index.php\/2023\/04\/20\/cdb\/\" title=\"Conf\u00e9rence des B\u00e2tonniers\">\r\nConf\u00e9rence des B\u00e2tonniers<\/a><\/h2>\r\n<\/div>\r\n<!-- .title END-->\r\n<!-- post-info-top -->\r\n<div class=\"post-info\"><span class=\"pi_author\">By <a href=\"https:\/\/www.finindev-consulting.com\/index.php\/author\/webmaster\/\" title=\"Articles par Webmaster\" rel=\"author\">Webmaster<\/a>    <span class=\"pi_sep\">|<\/span>    <\/span><span class=\"pi_date\">20 avril, 2023<\/span><\/div>\r\n<!-- post-info END-->\r\n<!-- .entry -->\r\n<div class=\"entry\">\r\n      <p>\ud83d\ude4fNous sommes fiers que la \ud835\uddd6\ud835\uddfc\ud835\uddfb\ud835\uddf3\ud835\uddf2\u0301\ud835\uddff\ud835\uddf2\ud835\uddfb\ud835\uddf0\ud835\uddf2 \ud835\uddf1\ud835\uddf2\ud835\ude00 \ud835\uddd5\ud835\uddee\u0302\ud835\ude01\ud835\uddfc\ud835\uddfb\ud835\uddfb\ud835\uddf6\ud835\uddf2\ud835\uddff\ud835\ude00 ait confi\u00e9 une mission d\u2019audit et de conseil \u00e0 \ud835\uddd9\ud835\udddc\ud835\udde1\ud835\udddc\ud835\udde1\ud835\uddd7\ud835\uddd8\ud835\udde9 \ud835\uddd6\ud835\uddfc\ud835\uddfb\ud835\ude00\ud835\ude02\ud835\uddf9\ud835\ude01\ud835\uddf6\ud835\uddfb\ud835\uddf4. Cette d\u00e9cision marque notre investissement aupr\u00e8s des instances nationales des Avocats.\u27a1\ufe0fCe nouveau partenariat est un t\u00e9moignage fort de notre volont\u00e9 de construire des relations solides et durables avec les acteurs du monde institutionnels.#conferencedesbatonniers #Paris #Finindevconsulting #placements<a href=\"https:\/\/www.finindev-consulting.com\/index.php\/2023\/04\/20\/cdb\/\" class=\"more-link\">Read more<\/a><\/p>\n<p><\/p><\/div> <div class=\"post-bottom-info\"><span class=\"info_comment\"><span class=\"comments-link\">Comments are Closed<\/span>    <span class=\"pi_sep\">|<\/span>    <\/span><span class=\"info_like\"><a href=\"#\" class=\"zilla-likes\" id=\"zilla-likes-8774\" title=\"Like this\"><span class=\"zilla-likes-count\">0<\/span> <span class=\"zilla-likes-postfix\"><\/span><\/a><\/span><\/div>\r\n<\/div>\r\n<\/div>\r\n<!-- .post-content END-->\r\n<!-- .post END -->\r\n\t\r\n<!-- .navigation -->\r\n<\/div>\r\n<div class=\"navigation clearfix \">\r\n  <\/div>\r\n\r\n<!-- .navigation END -->\r\n\r\n[\/vc_column][\/vc_row]<\/p>\n<\/section>","protected":false},"excerpt":{"rendered":"<p>\ud83d\ude4fNous sommes fiers que la \ud835\uddd6\ud835\uddfc\ud835\uddfb\ud835\uddf3\ud835\uddf2\u0301\ud835\uddff\ud835\uddf2\ud835\uddfb\ud835\uddf0\ud835\uddf2 \ud835\uddf1\ud835\uddf2\ud835\ude00 \ud835\uddd5\ud835\uddee\u0302\ud835\ude01\ud835\uddfc\ud835\uddfb\ud835\uddfb\ud835\uddf6\ud835\uddf2\ud835\uddff\ud835\ude00 ait confi\u00e9 une mission d\u2019audit et de conseil \u00e0 \ud835\uddd9\ud835\udddc\ud835\udde1\ud835\udddc\ud835\udde1\ud835\uddd7\ud835\uddd8\ud835\udde9 \ud835\uddd6\ud835\uddfc\ud835\uddfb\ud835\ude00\ud835\ude02\ud835\uddf9\ud835\ude01\ud835\uddf6\ud835\uddfb\ud835\uddf4. Cette d\u00e9cision marque notre investissement aupr\u00e8s des instances nationales des Avocats.\u27a1\ufe0fCe nouveau partenariat est un t\u00e9moignage fort de notre volont\u00e9 de construire des relations solides et durables avec les acteurs du monde institutionnels.#conferencedesbatonniers #Paris #Finindevconsulting #placements<a href=\"https:\/\/www.finindev-consulting.com\/index.php\/2023\/04\/20\/cdb\/\" class=\"more-link\">Read more<\/a><\/p>\n","protected":false},"author":1,"featured_media":0,"parent":0,"menu_order":8,"comment_status":"closed","ping_status":"open","template":"","meta":{"footnotes":""},"class_list":["post-4091","page","type-page","status-publish","hentry"],"_links":{"self":[{"href":"https:\/\/www.finindev-consulting.com\/index.php\/wp-json\/wp\/v2\/pages\/4091","targetHints":{"allow":["GET"]}}],"collection":[{"href":"https:\/\/www.finindev-consulting.com\/index.php\/wp-json\/wp\/v2\/pages"}],"about":[{"href":"https:\/\/www.finindev-consulting.com\/index.php\/wp-json\/wp\/v2\/types\/page"}],"author":[{"embeddable":true,"href":"https:\/\/www.finindev-consulting.com\/index.php\/wp-json\/wp\/v2\/users\/1"}],"replies":[{"embeddable":true,"href":"https:\/\/www.finindev-consulting.com\/index.php\/wp-json\/wp\/v2\/comments?post=4091"}],"version-history":[{"count":32,"href":"https:\/\/www.finindev-consulting.com\/index.php\/wp-json\/wp\/v2\/pages\/4091\/revisions"}],"predecessor-version":[{"id":8932,"href":"https:\/\/www.finindev-consulting.com\/index.php\/wp-json\/wp\/v2\/pages\/4091\/revisions\/8932"}],"wp:attachment":[{"href":"https:\/\/www.finindev-consulting.com\/index.php\/wp-json\/wp\/v2\/media?parent=4091"}],"curies":[{"name":"wp","href":"https:\/\/api.w.org\/{rel}","templated":true}]}}